{"id":1592,"date":"2018-05-29T17:56:52","date_gmt":"2018-05-29T15:56:52","guid":{"rendered":"http:\/\/www.aria-srl.it\/?page_id=1592"},"modified":"2018-06-02T17:31:18","modified_gmt":"2018-06-02T15:31:18","slug":"privacy-cookie-policy","status":"publish","type":"page","link":"https:\/\/www.aria-srl.it\/en\/privacy-cookie-policy\/","title":{"rendered":"Privacy &#038; Cookie Policy"},"content":{"rendered":"[vc_row type=&#8221;in_container&#8221; full_screen_row_position=&#8221;middle&#8221; scene_position=&#8221;center&#8221; text_color=&#8221;dark&#8221; text_align=&#8221;left&#8221; top_padding=&#8221;50&#8243; bottom_padding=&#8221;20&#8243; overlay_strength=&#8221;0.3&#8243; shape_divider_position=&#8221;bottom&#8221;][vc_column column_padding=&#8221;no-extra-padding&#8221; column_padding_position=&#8221;all&#8221; background_color_opacity=&#8221;1&#8243; background_hover_color_opacity=&#8221;1&#8243; column_shadow=&#8221;none&#8221; column_border_radius=&#8221;none&#8221; width=&#8221;1\/1&#8243; tablet_text_alignment=&#8221;default&#8221; phone_text_alignment=&#8221;default&#8221; column_border_width=&#8221;none&#8221; column_border_style=&#8221;solid&#8221;][vc_row_inner column_margin=&#8221;default&#8221; text_align=&#8221;left&#8221; class=&#8221;row-750&#8243;][vc_column_inner column_padding=&#8221;no-extra-padding&#8221; column_padding_position=&#8221;all&#8221; background_color_opacity=&#8221;1&#8243; background_hover_color_opacity=&#8221;1&#8243; column_shadow=&#8221;none&#8221; column_border_radius=&#8221;none&#8221; width=&#8221;1\/1&#8243; column_border_width=&#8221;none&#8221; column_border_style=&#8221;solid&#8221;][vc_column_text]\n<h4 style=\"color: #005f94; font-size: 25px; text-align: left;\">PRIVACY &amp; COOKIE POLICY<\/h4>\n<p class=\"txt-pr\">Benvenuti nella pagina dedicata alla privacy e cookie policy di Aria srl. In conformit\u00e0 a quanto previsto dall\u2019art. 13 del Regolamento europeo n. 679\/2016 (GDPR), di seguito troverete le informazioni relative al trattamento dei vostri dati personali effettuato dalla nostra societ\u00e0.<br \/>\nIl presente documento pu\u00f2 essere periodicamente aggiornato. Per conoscere sempre l\u2019ultima versione potete rivolgervi al titolare del trattamento indicato pi\u00f9 avanti.<\/p>\n[\/vc_column_text][\/vc_column_inner][\/vc_row_inner][vc_row_inner column_margin=&#8221;default&#8221; text_align=&#8221;left&#8221; class=&#8221;row-750&#8243;][vc_column_inner column_padding=&#8221;no-extra-padding&#8221; column_padding_position=&#8221;all&#8221; background_color_opacity=&#8221;1&#8243; background_hover_color_opacity=&#8221;1&#8243; column_shadow=&#8221;none&#8221; column_border_radius=&#8221;none&#8221; width=&#8221;1\/1&#8243; column_border_width=&#8221;none&#8221; column_border_style=&#8221;solid&#8221;][vc_column_text]\n<h4>Perch\u00e9 trattiamo i vostri dati personali<\/h4>\n<p class=\"txt-pr\">Aria srl. \u00e8 una Societ\u00e0 Responsabilit\u00e0 Limitata che utilizza i dati forniti dagli interessati esclusivamente al fine di instaurare ed eseguire rapporti commerciali e contrattuali, nonch\u00e9 per adempiere gli obblighi di legge o convenzionali derivanti dai rapporti medesimi. I vostri dati potranno essere utilizzati anche ai fini della tutela del credito e della migliore gestione dei nostri diritti relativi al singolo rapporto contrattuale.<br \/>\nPrevio vostro espresso consenso, la nostra societ\u00e0 potr\u00e0 utilizzare i vostri dati personali, forniti anche attraverso apposito form sul nostro sito web, per inviare comunicazioni periodiche, aventi contenuto informativo o pubblicitario. In caso d\u2019invio facoltativo di posta elettronica agli indirizzi indicati sul nostro sito, o attraverso il modulo dei contatti, il vostro indirizzo e-mail e gli altri eventuali dati contenuti nella missiva saranno utilizzati dal destinatario per rispondere alle vostre richieste e per finalit\u00e0 informative o pubblicitarie.<br \/>\nNell\u2019esclusivo svolgimento del rapporto contrattuale istaurato, per una sua corretta gestione e per l\u2019adempimento degli obblighi convenzionali o di legge da esso derivanti, i dati personali potranno essere comunicati a soggetti terzi, pubblici o privati, come ad esempio consulenti legali e fiscali o istituti bancari. L\u2019esecuzione del rapporto pu\u00f2 comportare anche la necessit\u00e0 di spedizione o trasporto di merce, con necessaria comunicazione dei vostri dati alle societ\u00e0 che operano tali servizi.<br \/>\nIn nessun caso i dati personali trattati dalla nostra societ\u00e0 saranno oggetto di diffusione.<\/p>\n<h4>Quali dati trattiamo<\/h4>\n<p class=\"txt-pr\">Nei rapporti contrattuali con la nostra clientela non trattiamo in alcun modo dati sensibili, di cui agli artt. 9 e 10 del GDPR.<br \/>\nPossiamo invece trattare dati identificativi, come ad esempio nome, cognome, ragione sociale, data di nascita, residenza o sede, dati fiscali come codice fiscale e partita i.v.a., coordinate bancarie.<br \/>\nLa comunicazione di questi dati \u00e8 facoltativa da parte dell\u2019interessato. Tuttavia, in sua mancanza, il rapporto contrattuale pu\u00f2 non essere instaurato o proseguito da parte della nostra societ\u00e0.<br \/>\nIl rifiuto di fornire il consenso per finalit\u00e0 informative o pubblicitarie comporter\u00e0 solo l\u2019impossibilit\u00e0 di ricevere informazioni relative ai servizi forniti dalla societ\u00e0, ma non produrr\u00e0 alcun effetto su altri rapporti contrattuali eventualmente in essere tra voi e la nostra impresa.<\/p>\n<h4>Per quanto tempo e dove li conserviamo<\/h4>\n<p class=\"txt-pr\">I dati personali raccolti per le finalit\u00e0 sopra indicate saranno conservati dalla societ\u00e0 fino all\u2019avvenuta esecuzione del rapporto contrattuale, o comunque fino all\u2019avvenuta prescrizione dei diritti che da esso siano sorti.<br \/>\nIl trattamento avviene in Italia, presso la sede legale di Aria srl. I dati potranno essere conservati sia su supporti cartacei che informatici.<\/p>\n<h4>Chi sono il titolare del trattamento e i suoi responsabili<\/h4>\n<p class=\"txt-pr\">Titolare del trattamento dei dati personali \u00e8 Aria srl., societ\u00e0 a responsabilit\u00e0 limitata con sede in Via del Mandorlo, 30 \u2013 59100 Prato (PO) &#8211; P.Iva 02110810971 &#8211; <a href=\"mailto:info@aria-srl.it\" target=\"_blank\" rel=\"noopener\">info@aria-srl.it<\/a>. Nel trattare i vostri dati personali, il titolare si avvale di alcuni responsabili, ai sensi dell\u2019art. 28 GDPR. Per conoscere l\u2019elenco aggiornato dei responsabili potete contattare direttamente il titolare ai recapiti sopra indicati.<\/p>\n<h4>Quali dati raccogliamo dalla navigazione sul nostro sito<\/h4>\n<p class=\"txt-pr\">Aria srl \u00e8 unico proprietario del dominio web <a href=\"http:\/\/www.aria-srl.it\" target=\"_blank\" rel=\"noopener\">www.aria-srl.it<\/a> e titolare del trattamento dei dati raccolti attraverso il proprio sito internet.<br \/>\nI sistemi informatici e i programmi per elaboratore necessari all\u2019operativit\u00e0 del nostro sito web registrano, durante il loro normale funzionamento, alcune informazioni personali, la cui acquisizione avviene in modo automatico e inevitabile qualora si utilizzino i protocolli di comunicazione di internet.<br \/>\nSi tratta di dati che non sono in alcun modo reperiti con lo scopo specifico di identificare i rispettivi interessati, ma ben potrebbero (a causa delle loro stesse caratteristiche), in associazione con altri dati, consentire l\u2019individuazione degli utenti.<br \/>\nAppartengono a questa categoria, ad esempio, gli indirizzi IP o i nomi a dominio degli elaboratori utilizzati dagli utenti che si connettono al sito, gli indirizzi in notazione URI (Uniform Resource Identifier) delle risorse richieste, l\u2019orario della richiesta, il metodo utilizzato nel sottoporre la richiesta al server, la dimensione del file ottenuto in risposta, il codice numerico indicante lo stato della risposta data dal server (buon fine, errore, ecc.) ed altri parametri relativi al sistema operativo e all\u2019ambiente informatico dell\u2019utente.<br \/>\nTali dati che \u2013 indipendentemente dal percorso prescelto \u2013 sono registrati dal sistema in base alle proprie caratteristiche standard, sono utilizzati al solo fine di ricavare informazioni statistiche sull\u2019utilizzo del nostro sito e per verificarne il corretto funzionamento. I dati potrebbero essere usati per l\u2019accertamento di responsabilit\u00e0 in caso di eventuali reati informatici ai danni del sito, conformemente alle procedure vigenti presso le autorit\u00e0 competenti.<\/p>\n<p class=\"txt-pr\">Sul nostro sito \u00e8 presente un link ad un sito di terze parti, Facebook. L\u2019utente che clicca sul collegamento accetta di fornire i dati di navigazione a terzi soggetti, che li utilizzeranno in conformit\u00e0 alle rispettive privacy policy.<br \/>\nPer maggiori informazioni naviga alla Privacy Policy di Facebook: <a href=\"https:\/\/www.facebook.com\/legal\/FB_Work_Privacy\">https:\/\/www.facebook.com\/legal\/FB_Work_Privacy<\/a><br \/>\nL\u2019utente che clicca sui rispettivi collegamenti accetta di fornire i dati di navigazione a terzi soggetti, che li utilizzeranno in conformit\u00e0 alle rispettive privacy policy.<\/p>\n<h4>Servizi di terze parti presenti sul sito<\/h4>\n<p class=\"txt-pr\">Il nostro sito internet \u00e8 basato sulla piattaforma <strong>WordPress<\/strong>, fornita dalla societ\u00e0 <strong>Automattic Inc.<\/strong>, che consente il suo sviluppo e il suo corretto funzionamento. I dati indispensabili alla navigazione, forniti in automatico dagli utenti del nostro sito, non sono in alcun modo condivisi con WordPress, e rimangono nell\u2019esclusiva disponibilit\u00e0 del titolare del trattamento. Per maggiori informazioni, vi rimandiamo alla privacy policy di Automattic Inc.: <a href=\"https:\/\/automattic.com\/privacy\" target=\"_blank\" rel=\"noopener\">https:\/\/automattic.com\/privacy<\/a>.<\/p>\n<p class=\"txt-pr\">Sono inoltre presenti alcuni servizi di <strong>Google Inc.<\/strong>:<\/p>\n<p class=\"txt-pr\">&#8211; <strong>Google Maps<\/strong> (per la visualizzazione della mappa nella pagina dei contatti);<\/p>\n<p class=\"txt-pr\">&#8211; <strong>Google Font<\/strong> (che integra i font utilizzati nel sito);<\/p>\n<p class=\"txt-pr\">&#8211; <strong>Google Analytics<\/strong> (per tracciare ed esaminare l\u2019utilizzo dei nostri siti, che utilizziamo con IP resi anonimi e con le opzioni di condivisione e pubblicitarie disattivate).<\/p>\n<p class=\"txt-pr\">In nessun caso questi strumenti raccolgono dati riconducibili in modo univoco ad un soggetto determinato. Il nostro sito, di conseguenza, non fornisce vostri dati personali a terze parti.<\/p>\n<p class=\"txt-pr\">Per maggiori informazioni, vi rimandiamo comunque alla privacy policy di Google Inc.: <a href=\"https:\/\/policies.google.com\/privacy\" target=\"_blank\" rel=\"noopener\">https:\/\/policies.google.com\/privacy<\/a>.<\/p>\n<p class=\"txt-pr\"><strong>Google Inc.<\/strong> e\u00a0<strong>Automattic Inc.<\/strong>\u00a0sono societ\u00e0 con sede negli Stati Uniti, operanti in tutto il mondo e che si dichiarano adeguate alle disposizioni del GDPR. Tuttavia, \u00e8 possibile che i vostri dati personali trasmessi dal nostro sito web \u2013 anche tramite cookie \u2013 alle terze parti, inseriti volontariamente dall\u2019utente tramite form, o dal titolare del trattamento laddove forniti attraverso canali tradizionali, siano conservati in server posti al di fuori dell\u2019Unione Europea.<\/p>\n<p class=\"txt-pr\">Il trasferimento eventuale di questi dati in un paese al di fuori dell\u2019UE avviene \u2013 per tutte le terze parti sopra indicate \u2013 nel rispetto del Privacy Shield Framework, che costituisce decisione di adeguatezza ai sensi dell\u2019art. 45 del GDPR.<\/p>\n<h4>Cookie policy<\/h4>\n<p class=\"txt-pr\">I cookie sono brevi frammenti di testo (lettere e\/o numeri) che permettono ai siti internet di memorizzare sul browser informazioni da utilizzare per migliorare l\u2019esperienza di navigazione dell\u2019utente. I cookie vengono memorizzati, in base alle preferenze dell\u2019utente, dal singolo browser sullo specifico dispositivo utilizzato (computer, tablet, smartphone).<\/p>\n<p class=\"txt-pr\">I cookie possono scadere al termine di una sessione del browser (il periodo fra l\u2019apertura di una finestra del browser da parte dell\u2019Utente e la sua chiusura) oppure possono essere conservati per un arco di tempo pi\u00f9 lungo. I cookie di sessione sono quelli che consentono ai siti web di collegare le azioni di un utente durante una sessione del browser. I cookie di sessione scadono quando termina la sessione del browser. I cookie persistenti sono, invece, conservati sul dispositivo dell\u2019utente tra le sessioni del browser, per periodi di tempo variabili, e permettono di memorizzare le sue preferenze o le sue azioni rispetto a un sito web.<\/p>\n<p class=\"txt-pr\">I cookie tecnici, sono quelli utilizzati dal titolare di un sito al solo fine di effettuare la trasmissione di una comunicazione su una rete di comunicazione elettronica, o nella misura strettamente necessaria al fornitore di un servizio della societ\u00e0 dell\u2019informazione esplicitamente richiesto dall\u2019abbonato o dall\u2019utente a erogare tale servizio.<\/p>\n<p class=\"txt-pr\">I cookie di profilazione, invece, sono volti a creare profili relativi all\u2019utente e vengono utilizzati al fine di inviare messaggi pubblicitari in linea con le preferenze manifestate dallo stesso nell\u2019ambito della navigazione in rete.<\/p>\n<p class=\"txt-pr\">Il nostro sito internet utilizzano sia cookie tecnici sia cookie analitici.<\/p>\n<p class=\"txt-pr\">L\u2019uso di cookie tecnici di sessione \u00e8 unicamente finalizzato a rendere l\u2019esplorazione del sito sicura ed efficiente. Tali cookie non permettono in alcun caso l\u2019acquisizione di dati personali identificativi dell\u2019utente.<\/p>\n<p class=\"txt-pr\">Il nostro sito non utilizza cookie persistenti, trojans, spyware, web bugs, ovvero sistemi per il tracciamento degli utenti.<br \/>\nL\u2019uso di c.d. cookie di sessione (che non sono registrati in modo persistente sull\u2019elaboratore dell\u2019utente e svaniscono con la chiusura del browser) \u00e8 unicamente finalizzato a rendere l\u2019esplorazione del sito sicura ed efficiente. Tali cookie di sessione non permettono in ogni caso l\u2019acquisizione di dati personali identificativi dell\u2019utente.<\/p>\n<p class=\"txt-pr\">Sul nostro sito sono presenti cookie di <strong>Google Analytics<\/strong>, un servizio di analisi web che consente di esaminare e tracciare l\u2019utilizzo del sito, compilare report e condividerli con gli altri servizi sviluppati da Google Inc., oltre a fornire altre informazioni come il numero dei visitatori e le pagine visualizzate.<br \/>\nIn base alle impostazioni imposte dal titolare del trattamento, tale servizio di analisi viene utilizzato in forma anonima, con indirizzi IP parziali non associabili ad altri dati personali. Allo stesso modo sono disattivate dal titolare del trattamento le opzioni di condivisione e pubblicitarie di questo strumento.<\/p>\n<p class=\"txt-pr\">Per ogni ulteriore informazione, vi rimandiamo alla privacy policy di Google Inc.: <a href=\"https:\/\/policies.google.com\/privacy\" target=\"_blank\" rel=\"noopener\">https:\/\/policies.google.com\/privacy<\/a>.<\/p>\n<p class=\"txt-pr\">Potete accettare o rifiutare l\u2019utilizzo dei cookie seguendo le istruzioni presenti nel banner che vi si presenter\u00e0 al primo accesso sul nostro sito, o modificare le impostazioni di navigazione del vostro browser per disabilitare completamente i cookie.<\/p>\n<p class=\"txt-pr\">Il nostro sito non utilizza alcuno strumento automatizzato di tracciamento o profilazione. I dati di navigazione raccolti, esclusivamente in forma anonima, sono utilizzati per ricavare informazioni statistiche sull\u2019utilizzo del sito e sul suo corretto funzionamento.<\/p>\n<p class=\"txt-pr\">In nessun caso le informazioni raccolti a fini di profilazione, tracciamento e marketing hanno ad oggetto dati sensibili degli utenti, ai sensi dell\u2019art. 9 GDPR.<\/p>\n<h4>Quali sono i vostri diritti<\/h4>\n<p class=\"txt-pr\">Ai sensi dell\u2019art. 7, comma 3, GDPR, per il trattamento fondato sul consenso espresso dall\u2019interessato, egli ha il diritto di revocare il proprio consenso in qualsiasi momento. La revoca del consenso non pregiudica la liceit\u00e0 del trattamento basata sul consenso prestato prima della revoca. Per revocare il consenso al trattamento potete inviare comunicazione scritta all\u2019indirizzo e-mail <a href=\"mailto:info@aria-srl.it\">info@aria-srl.it<\/a>.<\/p>\n<p class=\"txt-pr\">In base agli artt. 15 \u2013 22 GDPR, l\u2019interessato ha inoltre diritto di chiedere e ottenere dal titolare del trattamento in ogni momento:<\/p>\n<ul>\n<li class=\"lista-pp\">chiedere la conferma dell\u2019esistenza o meno di propri dati personali;<\/li>\n<li class=\"lista-pp\">ottenere le indicazioni circa le finalit\u00e0 del trattamento, le categorie dei dati personali, i destinatari o le categorie di destinatari a cui i dati personali sono stati o saranno comunicati e, quando possibile, il periodo di conservazione;<\/li>\n<li class=\"lista-pp\">ottenere la rettifica e la cancellazione dei dati (c.d. diritto all\u2019oblio);<\/li>\n<li class=\"lista-pp\">ottenere la limitazione del trattamento;<\/li>\n<li class=\"lista-pp\">ottenere la portabilit\u00e0 dei dati, ossia riceverli dal titolare del trattamento, in un formato strutturato, di uso comune e leggibile da dispositivo automatico, e trasmetterli ad un altro titolare del trattamento senza impedimenti;<\/li>\n<li class=\"lista-pp\">opporsi al trattamento in qualsiasi momento ed anche nel caso di trattamento per finalit\u00e0 di marketing diretto;<\/li>\n<li class=\"lista-pp\">opporsi ad un processo decisionale automatizzato relativo alle persone fisiche, compresa la profilazione, che pu\u00f2 avvenire solo previo consenso.<\/li>\n<\/ul>\n<p class=\"txt-pr\">L\u2019esercizio di questi diritti potr\u00e0 avvenire mediante richiesta scritta all\u2019indirizzo e-mail <a href=\"mailto:info@aria-srl.it\">info@aria-srl.it<\/a>.<\/p>\n<p class=\"txt-pr\">Infine, l\u2019interessato ha diritto di proporre reclamo ad un\u2019autorit\u00e0 di controllo (per l\u2019Italia, il Garante per la Protezione dei Dati Personali: <a href=\"http:\/\/garanteprivacy.it\/web\/guest\/home\" target=\"_blank\" rel=\"noopener\">http:\/\/garanteprivacy.it\/web\/guest\/home<\/a>)<\/p>\n[\/vc_column_text][\/vc_column_inner][\/vc_row_inner][\/vc_column][\/vc_row]\n","protected":false},"excerpt":{"rendered":"<p>[vc_row type=&#8221;in_container&#8221; full_screen_row_position=&#8221;middle&#8221; scene_position=&#8221;center&#8221; text_color=&#8221;dark&#8221; text_align=&#8221;left&#8221; top_padding=&#8221;50&#8243; bottom_padding=&#8221;20&#8243; overlay_strength=&#8221;0.3&#8243; shape_divider_position=&#8221;bottom&#8221;][vc_column column_padding=&#8221;no-extra-padding&#8221; column_padding_position=&#8221;all&#8221; background_color_opacity=&#8221;1&#8243; background_hover_color_opacity=&#8221;1&#8243; column_shadow=&#8221;none&#8221; column_border_radius=&#8221;none&#8221; width=&#8221;1\/1&#8243; tablet_text_alignment=&#8221;default&#8221; phone_text_alignment=&#8221;default&#8221; column_border_width=&#8221;none&#8221; column_border_style=&#8221;solid&#8221;][vc_row_inner column_margin=&#8221;default&#8221; text_align=&#8221;left&#8221; class=&#8221;row-750&#8243;][vc_column_inner column_padding=&#8221;no-extra-padding&#8221; column_padding_position=&#8221;all&#8221; background_color_opacity=&#8221;1&#8243; background_hover_color_opacity=&#8221;1&#8243; column_shadow=&#8221;none&#8221; column_border_radius=&#8221;none&#8221;&#8230;<\/p>\n","protected":false},"author":1,"featured_media":0,"parent":0,"menu_order":0,"comment_status":"closed","ping_status":"closed","template":"","meta":[],"_links":{"self":[{"href":"https:\/\/www.aria-srl.it\/en\/wp-json\/wp\/v2\/pages\/1592"}],"collection":[{"href":"https:\/\/www.aria-srl.it\/en\/wp-json\/wp\/v2\/pages"}],"about":[{"href":"https:\/\/www.aria-srl.it\/en\/wp-json\/wp\/v2\/types\/page"}],"author":[{"embeddable":true,"href":"https:\/\/www.aria-srl.it\/en\/wp-json\/wp\/v2\/users\/1"}],"replies":[{"embeddable":true,"href":"https:\/\/www.aria-srl.it\/en\/wp-json\/wp\/v2\/comments?post=1592"}],"version-history":[{"count":5,"href":"https:\/\/www.aria-srl.it\/en\/wp-json\/wp\/v2\/pages\/1592\/revisions"}],"predecessor-version":[{"id":1613,"href":"https:\/\/www.aria-srl.it\/en\/wp-json\/wp\/v2\/pages\/1592\/revisions\/1613"}],"wp:attachment":[{"href":"https:\/\/www.aria-srl.it\/en\/wp-json\/wp\/v2\/media?parent=1592"}],"curies":[{"name":"wp","href":"https:\/\/api.w.org\/{rel}","templated":true}]}}